{"id":5,"date":"2021-07-19T20:27:59","date_gmt":"2021-07-19T19:27:59","guid":{"rendered":"http:\/\/wholesale.castlevernie.nl\/?page_id=5"},"modified":"2026-02-15T12:36:40","modified_gmt":"2026-02-15T11:36:40","slug":"maak-uw-site-met-blokken","status":"publish","type":"page","link":"https:\/\/wholesale.castlevernie.nl\/de\/","title":{"rendered":"Castle Vernie Wholesale"},"content":{"rendered":"<hr class=\"wp-block-separator has-css-opacity\"\/>\n\n\n\n<h2 class=\"wp-block-heading alignwide has-text-align-center has-text-align-wide has-black-color has-text-color has-gigantic-font-size\" style=\"line-height:1.1\">Wasbare Windeln aus den Niederlanden<\/h2>\n\n\n\n<hr class=\"wp-block-separator has-css-opacity\"\/>\n\n\n\n<div class=\"wp-block-jetpack-tiled-gallery aligncenter is-style-circle\"><div class=\"\"><div class=\"tiled-gallery__gallery\"><div class=\"tiled-gallery__row columns-3\"><div class=\"tiled-gallery__col\"><figure class=\"tiled-gallery__item filter__clarendon\"><img decoding=\"async\" srcset=\"https:\/\/i0.wp.com\/wholesale.castlevernie.nl\/wp-content\/uploads\/2022\/05\/Pakket-CV-luiers-1024x752.png?resize=600%2C600&#038;strip=info&#038;ssl=1 600w,https:\/\/i0.wp.com\/wholesale.castlevernie.nl\/wp-content\/uploads\/2022\/05\/Pakket-CV-luiers-1024x752.png?resize=900%2C900&#038;strip=info&#038;ssl=1 900w,https:\/\/i0.wp.com\/wholesale.castlevernie.nl\/wp-content\/uploads\/2022\/05\/Pakket-CV-luiers-1024x752.png?resize=1200%2C1200&#038;strip=info&#038;ssl=1 1200w,https:\/\/i0.wp.com\/wholesale.castlevernie.nl\/wp-content\/uploads\/2022\/05\/Pakket-CV-luiers-1024x752.png?resize=1500%2C1500&#038;strip=info&#038;ssl=1 1500w,https:\/\/i0.wp.com\/wholesale.castlevernie.nl\/wp-content\/uploads\/2022\/05\/Pakket-CV-luiers-1024x752.png?resize=1800%2C1800&#038;strip=info&#038;ssl=1 1800w,https:\/\/i0.wp.com\/wholesale.castlevernie.nl\/wp-content\/uploads\/2022\/05\/Pakket-CV-luiers-1024x752.png?resize=2000%2C2000&#038;strip=info&#038;ssl=1 2000w\" alt=\"\" data-height=\"2726\" data-id=\"135\" data-link=\"https:\/\/wholesale.castlevernie.nl\/maak-uw-site-met-blokken\/pakket-cv-luiers\/\" data-url=\"https:\/\/wholesale.castlevernie.nl\/wp-content\/uploads\/2022\/05\/Pakket-CV-luiers-1024x752.png\" data-width=\"3714\" src=\"https:\/\/i0.wp.com\/wholesale.castlevernie.nl\/wp-content\/uploads\/2022\/05\/Pakket-CV-luiers-1024x752.png?ssl=1&amp;resize=2000%2C2000\" data-amp-layout=\"responsive\"\/><\/figure><\/div><div class=\"tiled-gallery__col\"><figure class=\"tiled-gallery__item filter__clarendon\"><img decoding=\"async\" srcset=\"https:\/\/i0.wp.com\/wholesale.castlevernie.nl\/wp-content\/uploads\/2021\/07\/bamboe.png?resize=225%2C225&#038;strip=info&#038;ssl=1 225w\" alt=\"\" data-height=\"225\" data-id=\"37\" data-link=\"https:\/\/wholesale.castlevernie.nl\/maak-uw-site-met-blokken\/bamboe\/\" data-url=\"https:\/\/wholesale.castlevernie.nl\/wp-content\/uploads\/2021\/07\/bamboe.png\" data-width=\"300\" src=\"https:\/\/i0.wp.com\/wholesale.castlevernie.nl\/wp-content\/uploads\/2021\/07\/bamboe.png?ssl=1&amp;resize=225%2C225\" data-amp-layout=\"responsive\"\/><\/figure><\/div><div class=\"tiled-gallery__col\"><figure class=\"tiled-gallery__item filter__clarendon\"><img decoding=\"async\" srcset=\"https:\/\/i0.wp.com\/wholesale.castlevernie.nl\/wp-content\/uploads\/2021\/07\/vliegtuig.png?resize=225%2C225&#038;strip=info&#038;ssl=1 225w\" alt=\"\" data-height=\"225\" data-id=\"75\" data-link=\"https:\/\/wholesale.castlevernie.nl\/maak-uw-site-met-blokken\/vliegtuig\/\" data-url=\"https:\/\/wholesale.castlevernie.nl\/wp-content\/uploads\/2021\/07\/vliegtuig.png\" data-width=\"300\" src=\"https:\/\/i0.wp.com\/wholesale.castlevernie.nl\/wp-content\/uploads\/2021\/07\/vliegtuig.png?ssl=1&amp;resize=225%2C225\" data-amp-layout=\"responsive\"\/><\/figure><\/div><\/div><div class=\"tiled-gallery__row columns-3\"><div class=\"tiled-gallery__col\"><figure class=\"tiled-gallery__item filter__clarendon\"><img decoding=\"async\" srcset=\"https:\/\/i0.wp.com\/wholesale.castlevernie.nl\/wp-content\/uploads\/2023\/07\/Castle-Vernie-OneSize-Peekaboo.jpg?resize=600%2C600&#038;strip=info&#038;ssl=1 600w,https:\/\/i0.wp.com\/wholesale.castlevernie.nl\/wp-content\/uploads\/2023\/07\/Castle-Vernie-OneSize-Peekaboo.jpg?resize=627%2C627&#038;strip=info&#038;ssl=1 627w\" alt=\"Voorgevormde luier Peekeboo\" data-height=\"627\" data-id=\"204\" data-link=\"https:\/\/wholesale.castlevernie.nl\/2021\/07\/19\/luiers-met-printjes\/castle-vernie-onesize-peekaboo\/\" data-url=\"https:\/\/wholesale.castlevernie.nl\/wp-content\/uploads\/2023\/07\/Castle-Vernie-OneSize-Peekaboo.jpg\" data-width=\"650\" src=\"https:\/\/i0.wp.com\/wholesale.castlevernie.nl\/wp-content\/uploads\/2023\/07\/Castle-Vernie-OneSize-Peekaboo.jpg?ssl=1&amp;resize=627%2C627\" data-amp-layout=\"responsive\"\/><\/figure><\/div><div class=\"tiled-gallery__col\"><figure class=\"tiled-gallery__item filter__clarendon\"><img decoding=\"async\" srcset=\"https:\/\/i0.wp.com\/wholesale.castlevernie.nl\/wp-content\/uploads\/2022\/05\/CV-luierbroekje.jpeg?resize=600%2C600&#038;strip=info&#038;ssl=1 600w,https:\/\/i0.wp.com\/wholesale.castlevernie.nl\/wp-content\/uploads\/2022\/05\/CV-luierbroekje.jpeg?resize=800%2C800&#038;strip=info&#038;ssl=1 800w\" alt=\"\" data-height=\"800\" data-id=\"136\" data-link=\"https:\/\/wholesale.castlevernie.nl\/maak-uw-site-met-blokken\/cv-luierbroekje\/\" data-url=\"https:\/\/wholesale.castlevernie.nl\/wp-content\/uploads\/2022\/05\/CV-luierbroekje.jpeg\" data-width=\"800\" src=\"https:\/\/i0.wp.com\/wholesale.castlevernie.nl\/wp-content\/uploads\/2022\/05\/CV-luierbroekje.jpeg?ssl=1&amp;resize=800%2C800\" data-amp-layout=\"responsive\"\/><\/figure><\/div><div class=\"tiled-gallery__col\"><figure class=\"tiled-gallery__item filter__clarendon\"><img decoding=\"async\" srcset=\"https:\/\/i0.wp.com\/wholesale.castlevernie.nl\/wp-content\/uploads\/2022\/05\/Little-Empire-SIO-1024x768.jpg?resize=600%2C600&#038;strip=info&#038;ssl=1 600w,https:\/\/i0.wp.com\/wholesale.castlevernie.nl\/wp-content\/uploads\/2022\/05\/Little-Empire-SIO-1024x768.jpg?resize=900%2C900&#038;strip=info&#038;ssl=1 900w,https:\/\/i0.wp.com\/wholesale.castlevernie.nl\/wp-content\/uploads\/2022\/05\/Little-Empire-SIO-1024x768.jpg?resize=1200%2C1200&#038;strip=info&#038;ssl=1 1200w,https:\/\/i0.wp.com\/wholesale.castlevernie.nl\/wp-content\/uploads\/2022\/05\/Little-Empire-SIO-1024x768.jpg?resize=1500%2C1500&#038;strip=info&#038;ssl=1 1500w,https:\/\/i0.wp.com\/wholesale.castlevernie.nl\/wp-content\/uploads\/2022\/05\/Little-Empire-SIO-1024x768.jpg?resize=1536%2C1536&#038;strip=info&#038;ssl=1 1536w\" alt=\"Voorgevormde Luier Peekeboo\" data-height=\"1536\" data-id=\"137\" data-link=\"https:\/\/wholesale.castlevernie.nl\/maak-uw-site-met-blokken\/little-empire-sio\/\" data-url=\"https:\/\/wholesale.castlevernie.nl\/wp-content\/uploads\/2022\/05\/Little-Empire-SIO-1024x768.jpg\" data-width=\"2048\" src=\"https:\/\/i0.wp.com\/wholesale.castlevernie.nl\/wp-content\/uploads\/2022\/05\/Little-Empire-SIO-1024x768.jpg?ssl=1&amp;resize=1536%2C1536\" data-amp-layout=\"responsive\"\/><\/figure><\/div><\/div><\/div><\/div><\/div>\n\n\n\n<div style=\"height:39px\" aria-hidden=\"true\" class=\"wp-block-spacer\"><\/div>\n\n\n\n<p>Castle Vernie ist der Anbieter von Castle Vernie waschbaren Windeln und Little Empire waschbaren Windeln. Unser Sortiment besteht aus Bambus-Prefolds, vorgeformten Windeln, Snaps-Windeln und noch vieles mehr.<\/p>\n\n\n\n<p>Deze webshop is alleen voor resellers. Bent u een consument, neem dan een kijkje op www.castlevernie.nl, wij hebben een breed assortiment. Van biologisch katoenen kleren, wollen kleren tot wasbare luiers. <\/p>\n\n\n\n<div style=\"height:37px\" aria-hidden=\"true\" class=\"wp-block-spacer\"><\/div>\n\n\n\n<div class=\"wp-block-columns alignwide are-vertically-aligned-top is-layout-flex wp-container-core-columns-is-layout-9d6595d7 wp-block-columns-is-layout-flex\">\n<div class=\"wp-block-column is-vertically-aligned-top is-layout-flow wp-block-column-is-layout-flow\">\n<h3 class=\"wp-block-heading\">Baumwollwindeln<\/h3>\n\n\n\n<p>Windelt\u00fccher, wie Mullt\u00fccher und Augent\u00fccher, sind ideal f\u00fcr ein Neugeborenes. Little Empire hat Musselin-Windeln, Mull, aber weicher. Perfekt f\u00fcr ein kleines Neugeborenes.<\/p>\n<\/div>\n\n\n\n<div class=\"wp-block-column is-vertically-aligned-top is-layout-flow wp-block-column-is-layout-flow\">\n<h3 class=\"wp-block-heading\">Bambuswindeln<\/h3>\n\n\n\n<p>Bambus nimmt mehr Feuchtigkeit auf als Baumwolle und weniger als Hanf. Dies ist ein weicher und geschmeidiger Stoff und macht ihn oft zum Favoriten bei Babys und Kleinkindern, die mehr und gr\u00f6\u00dfere Pf\u00fctzen machen.<\/p>\n<\/div>\n\n\n\n<div class=\"wp-block-column is-vertically-aligned-top is-layout-flow wp-block-column-is-layout-flow\">\n<h3 class=\"wp-block-heading\">Hanfwindeln<\/h3>\n\n\n\n<p>Hanfpapier ist ein langsam absorbierendes Material, kann aber sehr viel aufnehmen. Dieses Material ist ideal f\u00fcr zus\u00e4tzlichen Schutz, zum Beispiel bei der Nachtwindel oder bei h\u00e4ufigem Wasserlassen.<\/p>\n<\/div>\n<\/div>\n\n\n\n<div style=\"height:100px\" aria-hidden=\"true\" class=\"wp-block-spacer\"><\/div>","protected":false},"excerpt":{"rendered":"<p>Wasbare luiers van Nederland Castle Vernie is de aanbieder van Castle Vernie wasbare luiers en Little Empire wasbare luiers. Ons assortiment bestaat uit bamboe prefolds, voorgevormde luiers, oogjesluiers en nog veel meer. Deze webshop is alleen voor resellers. Bent u een consument, neem dan een kijkje op www.castlevernie.nl, wij hebben een breed assortiment. Van biologisch [&hellip;]<\/p>\n","protected":false},"author":1,"featured_media":0,"parent":0,"menu_order":0,"comment_status":"closed","ping_status":"closed","template":"","meta":{"footnotes":""},"class_list":["post-5","page","type-page","status-publish","hentry"],"jetpack_sharing_enabled":true,"_links":{"self":[{"href":"https:\/\/wholesale.castlevernie.nl\/de\/wp-json\/wp\/v2\/pages\/5","targetHints":{"allow":["GET"]}}],"collection":[{"href":"https:\/\/wholesale.castlevernie.nl\/de\/wp-json\/wp\/v2\/pages"}],"about":[{"href":"https:\/\/wholesale.castlevernie.nl\/de\/wp-json\/wp\/v2\/types\/page"}],"author":[{"embeddable":true,"href":"https:\/\/wholesale.castlevernie.nl\/de\/wp-json\/wp\/v2\/users\/1"}],"replies":[{"embeddable":true,"href":"https:\/\/wholesale.castlevernie.nl\/de\/wp-json\/wp\/v2\/comments?post=5"}],"version-history":[{"count":17,"href":"https:\/\/wholesale.castlevernie.nl\/de\/wp-json\/wp\/v2\/pages\/5\/revisions"}],"predecessor-version":[{"id":447,"href":"https:\/\/wholesale.castlevernie.nl\/de\/wp-json\/wp\/v2\/pages\/5\/revisions\/447"}],"wp:attachment":[{"href":"https:\/\/wholesale.castlevernie.nl\/de\/wp-json\/wp\/v2\/media?parent=5"}],"curies":[{"name":"wp","href":"https:\/\/api.w.org\/{rel}","templated":true}]}}