{"id":6,"date":"2021-07-19T20:27:59","date_gmt":"2021-07-19T19:27:59","guid":{"rendered":"http:\/\/wholesale.castlevernie.nl\/?page_id=6"},"modified":"2026-02-14T11:02:12","modified_gmt":"2026-02-14T10:02:12","slug":"over-ons","status":"publish","type":"page","link":"https:\/\/wholesale.castlevernie.nl\/de\/over-ons\/","title":{"rendered":"\u00dcber uns"},"content":{"rendered":"<div data-elementor-type=\"wp-page\" data-elementor-id=\"6\" class=\"elementor elementor-6\">\n\t\t\t\t<div class=\"elementor-element elementor-element-7e671217 e-flex e-con-boxed e-con e-parent\" data-id=\"7e671217\" data-element_type=\"container\" data-e-type=\"container\">\n\t\t\t\t\t<div class=\"e-con-inner\">\n\t\t\t\t<div class=\"elementor-element elementor-element-5654df7c elementor-widget elementor-widget-text-editor\" data-id=\"5654df7c\" data-element_type=\"widget\" data-e-type=\"widget\" data-widget_type=\"text-editor.default\">\n\t\t\t\t\t\t\t\t\t\n<h3 style=\"text-align: center;\">Castle Vernie Wholesale<\/h3>\n\n<p>\u00a0<\/p>\n\t\t\t\t\t\t\t\t<\/div>\n\t\t\t\t<div class=\"elementor-element elementor-element-dc08562 elementor-widget elementor-widget-ucaddon_blox_line_text_divider\" data-id=\"dc08562\" data-element_type=\"widget\" data-e-type=\"widget\" data-widget_type=\"ucaddon_blox_line_text_divider.default\">\n\t\t\t\t<div class=\"elementor-widget-container\">\n\t\t\t\t\t\n<!-- start Line Text Divider -->\n<style>\/* widget: Line Text Divider *\/\n\n#uc_blox_line_text_divider_elementor_dc08562 {\n  min-height: 1px;\n  position: relative;\n  text-align: center;\n}\n\n#uc_blox_line_text_divider_elementor_dc08562 .blox_hr{\n  display:inline-block;\n  position: absolute;\n  top: 50%;\n    left: 50%;\n  transform: translate(-50%, -50%);\n  }\n\n#uc_blox_line_text_divider_elementor_dc08562 .blox_hr_txt{\n  display: inline-block;\n  position: relative;\n  z-index: 1;\n  margin: 0;\n  text-align: center;\n}\n\n<\/style>\n\n<div id=\"uc_blox_line_text_divider_elementor_dc08562\" class=\"ue-line-text-devider\">\n  <div class=\"blox_hr_txt\">\u00dcber uns<\/div>\n  <div class=\"blox_hr\"><\/div>\n<\/div>\n<!-- end Line Text Divider -->\t\t\t\t<\/div>\n\t\t\t\t<\/div>\n\t\t\t\t\t<\/div>\n\t\t\t\t<\/div>\n\t\t<div class=\"elementor-element elementor-element-2a177e7 e-flex e-con-boxed e-con e-parent\" data-id=\"2a177e7\" data-element_type=\"container\" data-e-type=\"container\">\n\t\t\t\t\t<div class=\"e-con-inner\">\n\t\t\t\t<div class=\"elementor-element elementor-element-45f9dff elementor-widget elementor-widget-ucaddon_vertical_curve_timeline\" data-id=\"45f9dff\" data-element_type=\"widget\" data-e-type=\"widget\" data-widget_type=\"ucaddon_vertical_curve_timeline.default\">\n\t\t\t\t<div class=\"elementor-widget-container\">\n\t\t\t\t\t\n<!-- start Vertical Curved Timeline -->\n\t\t<link id='font-awesome-css' href='https:\/\/wholesale.castlevernie.nl\/wp-content\/plugins\/unlimited-elements-for-elementor\/assets_libraries\/font-awesome6\/fontawesome-all.min.css' type='text\/css' rel='stylesheet' >\n\t\t<link id='font-awesome-4-shim-css' href='https:\/\/wholesale.castlevernie.nl\/wp-content\/plugins\/unlimited-elements-for-elementor\/assets_libraries\/font-awesome6\/fontawesome-v4-shims.min.css' type='text\/css' rel='stylesheet' >\n\n<style>\/* widget: Vertical Curved Timeline *\/\n\n#uc_vertical_curve_timeline_elementor_45f9dff.ue-container{\n  width: 100%;\n  display: flex;\n  align-items: center;\n}\n\n\/* Timeline Container *\/\n\n#uc_vertical_curve_timeline_elementor_45f9dff .ue-timeline {\n  width:100%;\n  margin: 0 auto;\n  padding: 0 20px;\n}\n\n#uc_vertical_curve_timeline_elementor_45f9dff .ue-item-image{\n  overflow:hidden;\n}\n\n#uc_vertical_curve_timeline_elementor_45f9dff .ue-item-image img{\n  width:100%;\n  height: 100%;\n  transition:0.3s;\n}\n\n\/* Card container *\/\n#uc_vertical_curve_timeline_elementor_45f9dff .ue-card {\n  position: relative;\n  display: flex;\n}\n\n#uc_vertical_curve_timeline_elementor_45f9dff .ue-slno{\n  border-radius: 50%;\n  position: absolute;\n  top: 50%;\n  left: 0;\n  transform: translate(-50%, -50%);\n  display: grid;\n  place-content: center;\n}\n\n\/* setting padding based on even or odd *\/\n  #uc_vertical_curve_timeline_elementor_45f9dff .ue-card:nth-child(odd) {\n    padding: 30px 0 30px 30px;\n  }\n  #uc_vertical_curve_timeline_elementor_45f9dff .ue-card:nth-child(even) {\n    padding: 30px 30px 30px 0;\n  }\n  \/* Global ::before *\/\n  #uc_vertical_curve_timeline_elementor_45f9dff .ue-card::before {\n    content: \"\";\n    position: absolute;\n    width: 50%;\n  }\n\n  \/* Setting the border of top, bottom, left *\/\n  #uc_vertical_curve_timeline_elementor_45f9dff .ue-card:nth-child(odd)::before {\n    left: 0px;\n    top: -5px;\n    bottom: -5px;\n    border-width: 5px 0 5px 5px;\n    border-radius: 20px 0 0 20px;\n  }\n\n  \/* Setting the top and bottom to \"-5px\" because earlier it was out of a pixel in mobile devices *\/\n  @media only screen and (max-width: 400px) {\n    #uc_vertical_curve_timeline_elementor_45f9dff .ue-card:nth-child(odd)::before {\n      top: -5px;\n      bottom: -5px;\n    }\n  }\n\n  \/* Setting the border of top, bottom, right *\/\n  #uc_vertical_curve_timeline_elementor_45f9dff .ue-card:nth-child(even)::before {\n    right: 0;\n    top: 0;\n    bottom: 0;\n    border-width: 5px 5px 5px 0;\n    border-radius: 0 20px 20px 0;\n  }\n\n  \/* Removing the border if it is the first card *\/\n  #uc_vertical_curve_timeline_elementor_45f9dff .ue-card:first-child::before {\n    border-top: 0;\n    border-top-left-radius: 0;\n  }\n\n  \/* Removing the border if it is the last card  and it's odd *\/\n  #uc_vertical_curve_timeline_elementor_45f9dff .ue-card:last-child:nth-child(odd)::before {\n    border-bottom: 0;\n    border-bottom-left-radius: 0;\n  }\n\n  \/* Removing the border if it is the last card  and it's even *\/\n  #uc_vertical_curve_timeline_elementor_45f9dff .ue-card:last-child:nth-child(even)::before {\n    border-bottom: 0;\n    border-bottom-right-radius: 0;\n  }\n\n  \/* Information about the timeline *\/\n  #uc_vertical_curve_timeline_elementor_45f9dff .ue-info {\n    display: flex;\n    border-radius: 10px;\n    padding: 10px;\n    width: 100%;\n    position: relative;\n    z-index: 1;\n  }\n\n  \/* Title of the card *\/\n  #uc_vertical_curve_timeline_elementor_45f9dff .ue-title {\n    position: relative;\n  }\n\n  \/* Timeline dot  *\/\n\n  \/* text right if the card is even  *\/\n  #uc_vertical_curve_timeline_elementor_45f9dff .ue-card:nth-child(even) {\n    text-align: right;\n  }\n\n  #uc_vertical_curve_timeline_elementor_45f9dff .ue-card:nth-child(even) .ue-item-image{\n    margin-left: auto;\n  }\n\n  #uc_vertical_curve_timeline_elementor_45f9dff .ue-card:nth-child(even) .ue-info{\n    padding-right: 20px;\n    margin-left: auto;\n  }\n\n\n  #uc_vertical_curve_timeline_elementor_45f9dff .ue-card:nth-child(odd) .ue-info{\n    padding-left: 20px;\n  }\n\n  \/* setting dot to the left if the card is odd *\/\n  #uc_vertical_curve_timeline_elementor_45f9dff .ue-card:nth-child(odd) > .ue-info > .ue-title::before {\n    left: -45px;\n  }\n\n  #uc_vertical_curve_timeline_elementor_45f9dff .ue-card:nth-child(even) > .ue-slno{\n    right: 0%;\n    left: auto;\n    transform: translate(50%, -50%);\n    margin-right:calc(5px\/2);\n  }\n\n  #uc_vertical_curve_timeline_elementor_45f9dff .ue-card:nth-child(odd) > .ue-slno{\n    margin-left:calc(5px\/2);;\n  }\n\n  #uc_vertical_curve_timeline_elementor_45f9dff .ue-card:nth-child(1)::before{\n    height: 50%;\n    top: auto;\n  }\n\n  #uc_vertical_curve_timeline_elementor_45f9dff .ue-card:last-child::before{\n    height: 50%;\n  }\n\n  #uc_vertical_curve_timeline_elementor_45f9dff .ue-button-link{\n    width:fit-content;\n    z-index: 100;\n    display:inline-block;\n  }\n\n  #uc_vertical_curve_timeline_elementor_45f9dff .ue-card:nth-child(even) .ue-button-link {\n    margin-left:auto;\n  }\n\n\n\n#uc_vertical_curve_timeline_elementor_45f9dff .ue-item-wrap{\n  width: 100%;\n}\n\n\n<\/style>\n\n<div id=\"uc_vertical_curve_timeline_elementor_45f9dff\" class=\"ue-container\" >\n  <div class=\"ue-timeline\">\n    <div class=\"ue-outer uc-items-wrapper\">              \n      <div class=\"ue-card elementor-repeater-item-f495fd7\">\n  \n  <div class=\"ue-slno\">\n            <i class=''><\/i>  \n  <\/div>\n  \n  <div class=\"ue-info\">\n          \t\n    <div class=\"ue-item-wrap\">\n      <h3 class=\"ue-title\">Tamara Vernie<\/h3>            <div class=\"ue-description\"><p><strong>Oprichter<\/strong><\/p><p>Ich bin das Gesicht hinter Castle Vernie. Vom Aussuchen der sch\u00f6nsten Produkte bis hin zur Verwaltung des Onlineshops mache ich (fast) alles selbst. Mein Herz schl\u00e4gt f\u00fcr nachhaltige, nat\u00fcrliche Produkte, die gut f\u00fcr dein Kind und die Welt sind. Was einst als pers\u00f6nliche Suche nach sch\u00f6nen waschbaren Windeln und biologischer Kinderkleidung begann, entwickelte sich zu diesem Onlineshop voller bewusster Entscheidungen.<\/p><\/div>          <\/div>\n  <\/div>\n<\/div>\n<div class=\"ue-card elementor-repeater-item-38b5cd5\">\n  \n  <div class=\"ue-slno\">\n            <i class=''><\/i>  \n  <\/div>\n  \n  <div class=\"ue-info\">\n                    \t\n    <div class=\"ue-item-wrap\">\n      <h3 class=\"ue-title\">Freddy Hernandez<\/h3>            <div class=\"ue-description\"><p><strong>International Communication Manager<\/strong><\/p><p>Freddy sorgt daf\u00fcr, dass unsere Botschaft auch international gut ankommt. Er h\u00e4lt Kontakt mit Lieferanten aus dem Ausland und hilft bei allem, was in mehreren Sprachen erfolgen muss. Dank ihm k\u00f6nnen wir Kunden au\u00dferhalb der Niederlande genauso gut helfen wie hier.<\/p><\/div>          <\/div>\n  <\/div>\n<\/div>\n<div class=\"ue-card elementor-repeater-item-28358dc\">\n  \n  <div class=\"ue-slno\">\n            <i class=''><\/i>  \n  <\/div>\n  \n  <div class=\"ue-info\">\n                    \t\n    <div class=\"ue-item-wrap\">\n      <h3 class=\"ue-title\">Mark Reuvers<\/h3>            <div class=\"ue-description\"><p><strong>Klantenservice<\/strong><\/p><p>Haben Sie eine Frage? Die Wahrscheinlichkeit ist gro\u00df, dass Sie mit Mark sprechen (oder mailen). Er steht bereit, um all Ihre Fragen zu Produkten, Gr\u00f6\u00dfen, Bestellungen oder zur Verwendung von waschbaren Windeln zu beantworten. Mit viel Geduld und Freundlichkeit hilft er Ihnen weiter.<\/p><\/div>          <\/div>\n  <\/div>\n<\/div>\n<div class=\"ue-card elementor-repeater-item-54d4a08\">\n  \n  <div class=\"ue-slno\">\n            <i class=''><\/i>  \n  <\/div>\n  \n  <div class=\"ue-info\">\n                    \t\n    <div class=\"ue-item-wrap\">\n      <h3 class=\"ue-title\">Hira Juristen<\/h3>            <div class=\"ue-description\"><p><strong>Juridisch adviseur<\/strong><\/p><p>Ram sorgt daf\u00fcr, dass alles rechtlich gut geregelt ist. Von unseren Allgemeinen Gesch\u00e4ftsbedingungen bis hin zu Datenschutz und den Gesetzen rund ums Online-Shopping \u2013 er h\u00e4lt alles ordentlich und transparent. Damit du sorgenfrei einkaufen kannst.<\/p><\/div>          <\/div>\n  <\/div>\n<\/div>\n<div class=\"ue-card elementor-repeater-item-1c3d901\">\n  \n  <div class=\"ue-slno\">\n            <i class=''><\/i>  \n  <\/div>\n  \n  <div class=\"ue-info\">\n                    \t\n    <div class=\"ue-item-wrap\">\n      <h3 class=\"ue-title\"><\/h3>            <div class=\"ue-description\"><\/div>          <\/div>\n  <\/div>\n<\/div>\n\n    <\/div>\n  <\/div>\n<\/div>\n<!-- end Vertical Curved Timeline -->\t\t\t\t<\/div>\n\t\t\t\t<\/div>\n\t\t\t\t\t<\/div>\n\t\t\t\t<\/div>\n\t\t\t\t<\/div>","protected":false},"excerpt":{"rendered":"<p>Castle Vernie Wholesale \u00a0 Over ons Tamara Vernie Oprichter Ik ben het gezicht achter Castle Vernie. Van het uitzoeken van de mooiste producten tot het beheren van de webshop, ik doe (bijna) alles zelf. Mijn hart ligt bij duurzame, natuurlijke producten die goed zijn voor je kind \u00e9n de wereld. Wat ooit begon als een [&hellip;]<\/p>\n","protected":false},"author":1,"featured_media":0,"parent":0,"menu_order":0,"comment_status":"closed","ping_status":"closed","template":"","meta":{"footnotes":""},"class_list":["post-6","page","type-page","status-publish","hentry"],"jetpack_sharing_enabled":true,"_links":{"self":[{"href":"https:\/\/wholesale.castlevernie.nl\/de\/wp-json\/wp\/v2\/pages\/6","targetHints":{"allow":["GET"]}}],"collection":[{"href":"https:\/\/wholesale.castlevernie.nl\/de\/wp-json\/wp\/v2\/pages"}],"about":[{"href":"https:\/\/wholesale.castlevernie.nl\/de\/wp-json\/wp\/v2\/types\/page"}],"author":[{"embeddable":true,"href":"https:\/\/wholesale.castlevernie.nl\/de\/wp-json\/wp\/v2\/users\/1"}],"replies":[{"embeddable":true,"href":"https:\/\/wholesale.castlevernie.nl\/de\/wp-json\/wp\/v2\/comments?post=6"}],"version-history":[{"count":11,"href":"https:\/\/wholesale.castlevernie.nl\/de\/wp-json\/wp\/v2\/pages\/6\/revisions"}],"predecessor-version":[{"id":440,"href":"https:\/\/wholesale.castlevernie.nl\/de\/wp-json\/wp\/v2\/pages\/6\/revisions\/440"}],"wp:attachment":[{"href":"https:\/\/wholesale.castlevernie.nl\/de\/wp-json\/wp\/v2\/media?parent=6"}],"curies":[{"name":"wp","href":"https:\/\/api.w.org\/{rel}","templated":true}]}}